{"id":48,"date":"2024-10-18T03:17:18","date_gmt":"2024-10-18T03:17:18","guid":{"rendered":"https:\/\/hommyhome.design\/?page_id=48"},"modified":"2026-04-27T04:21:35","modified_gmt":"2026-04-27T03:21:35","slug":"preparacion-del-inmueble","status":"publish","type":"page","link":"https:\/\/hommyhome.design\/es_es\/preparacion-del-inmueble\/","title":{"rendered":"Preparaci\u00f3n del inmueble"},"content":{"rendered":"\t\t<div data-elementor-type=\"wp-page\" data-elementor-id=\"48\" class=\"elementor elementor-48\" data-elementor-post-type=\"page\">\n\t\t\t\t<div class=\"elementor-element elementor-element-0684a38 e-flex e-con-boxed elementor-invisible e-con e-parent\" data-id=\"0684a38\" data-element_type=\"container\" data-e-type=\"container\" data-settings=\"{&quot;background_background&quot;:&quot;classic&quot;,&quot;animation&quot;:&quot;fadeIn&quot;}\">\n\t\t\t\t\t<div class=\"e-con-inner\">\n\t\t\t\t<div class=\"elementor-element elementor-element-bf0d906 elementor-invisible elementor-widget elementor-widget-heading\" data-id=\"bf0d906\" data-element_type=\"widget\" data-e-type=\"widget\" data-settings=\"{&quot;_animation&quot;:&quot;zoomIn&quot;}\" data-widget_type=\"heading.default\">\n\t\t\t\t<div class=\"elementor-widget-container\">\n\t\t\t\t\t<p class=\"elementor-heading-title elementor-size-default\">Preparazione dell\u2019immobile<\/p>\t\t\t\t<\/div>\n\t\t\t\t<\/div>\n\t\t\t\t\t<\/div>\n\t\t\t\t<\/div>\n\t\t<div class=\"elementor-element elementor-element-a23c145 e-con-full e-flex e-con e-parent\" data-id=\"a23c145\" data-element_type=\"container\" data-e-type=\"container\" data-settings=\"{&quot;background_background&quot;:&quot;classic&quot;}\">\n\t\t<div class=\"elementor-element elementor-element-a391066 e-con-full e-flex elementor-invisible e-con e-child\" data-id=\"a391066\" data-element_type=\"container\" data-e-type=\"container\" data-settings=\"{&quot;animation&quot;:&quot;fadeInLeft&quot;}\">\n\t\t\t\t<div class=\"elementor-element elementor-element-b4fd1b6 elementor-widget elementor-widget-heading\" data-id=\"b4fd1b6\" data-element_type=\"widget\" data-e-type=\"widget\" data-widget_type=\"heading.default\">\n\t\t\t\t<div class=\"elementor-widget-container\">\n\t\t\t\t\t<p class=\"elementor-heading-title elementor-size-default\">Non servono grandi lavori per ottenere un risultato concreto.\n\nInterveniamo in modo mirato sugli spazi, eliminando ci\u00f2 che disturba la percezione e valorizzando ci\u00f2 che gi\u00e0 esiste.\n\nL\u2019obiettivo \u00e8 preparare l\u2019immobile per la vendita, migliorando impatto visivo e attrattivit\u00e0.<\/p>\t\t\t\t<\/div>\n\t\t\t\t<\/div>\n\t\t\t\t<div class=\"elementor-element elementor-element-69cb64f elementor-widget elementor-widget-text-editor\" data-id=\"69cb64f\" data-element_type=\"widget\" data-e-type=\"widget\" data-widget_type=\"text-editor.default\">\n\t\t\t\t<div class=\"elementor-widget-container\">\n\t\t\t\t\t\t\t\t\t<p>\u2022 Decluttering e riorganizzazione <br \/>\u2022 Ottimizzazione degli spazi <br \/>\u2022 Piccoli interventi estetici <br \/>\u2022 Preparazione per il servizio fotografico<\/p>\t\t\t\t\t\t\t\t<\/div>\n\t\t\t\t<\/div>\n\t\t\t\t<\/div>\n\t\t<div class=\"elementor-element elementor-element-286883e e-con-full e-flex elementor-invisible e-con e-child\" data-id=\"286883e\" data-element_type=\"container\" data-e-type=\"container\" data-settings=\"{&quot;animation&quot;:&quot;fadeInRight&quot;}\">\n\t\t\t\t<div class=\"elementor-element elementor-element-b992edf elementor-widget elementor-widget-text-editor\" data-id=\"b992edf\" data-element_type=\"widget\" data-e-type=\"widget\" data-widget_type=\"text-editor.default\">\n\t\t\t\t<div class=\"elementor-widget-container\">\n\t\t\t\t\t\t\t\t\t<p>Piccoli interventi, <b>grande<\/b> impatto sulla <b>percezione<\/b>.<\/p>\t\t\t\t\t\t\t\t<\/div>\n\t\t\t\t<\/div>\n\t\t\t\t<\/div>\n\t\t\t\t<\/div>\n\t\t<div class=\"elementor-element elementor-element-802faea e-flex e-con-boxed e-con e-parent\" data-id=\"802faea\" data-element_type=\"container\" data-e-type=\"container\" data-settings=\"{&quot;background_background&quot;:&quot;classic&quot;}\">\n\t\t\t\t\t<div class=\"e-con-inner\">\n\t\t\t\t<div class=\"elementor-element elementor-element-505ad8f elementor-invisible elementor-widget elementor-widget-heading\" data-id=\"505ad8f\" data-element_type=\"widget\" data-e-type=\"widget\" data-settings=\"{&quot;_animation&quot;:&quot;fadeIn&quot;}\" data-widget_type=\"heading.default\">\n\t\t\t\t<div class=\"elementor-widget-container\">\n\t\t\t\t\t<p class=\"elementor-heading-title elementor-size-default\">\u00bfC\u00f3mo funciona?<\/p>\t\t\t\t<\/div>\n\t\t\t\t<\/div>\n\t\t\t\t<div class=\"elementor-element elementor-element-c61f0fe elementor-widget elementor-widget-spacer\" data-id=\"c61f0fe\" data-element_type=\"widget\" data-e-type=\"widget\" data-widget_type=\"spacer.default\">\n\t\t\t\t<div class=\"elementor-widget-container\">\n\t\t\t\t\t\t\t<div class=\"elementor-spacer\">\n\t\t\t<div class=\"elementor-spacer-inner\"><\/div>\n\t\t<\/div>\n\t\t\t\t\t\t<\/div>\n\t\t\t\t<\/div>\n\t\t<div class=\"elementor-element elementor-element-28a2c9f e-con-full e-flex e-con e-child\" data-id=\"28a2c9f\" data-element_type=\"container\" data-e-type=\"container\">\n\t\t\t\t<div class=\"elementor-element elementor-element-2bd9aca elementor-widget__width-initial elementor-position-top elementor-invisible elementor-widget elementor-widget-image-box\" data-id=\"2bd9aca\" data-element_type=\"widget\" data-e-type=\"widget\" data-settings=\"{&quot;_animation&quot;:&quot;fadeInUp&quot;}\" data-widget_type=\"image-box.default\">\n\t\t\t\t<div class=\"elementor-widget-container\">\n\t\t\t\t\t<div class=\"elementor-image-box-wrapper\"><figure class=\"elementor-image-box-img\"><img fetchpriority=\"high\" decoding=\"async\" width=\"424\" height=\"424\" src=\"https:\/\/hommyhome.design\/wp-content\/uploads\/2024\/10\/Icono-Home-Relooking-1.png\" class=\"attachment-full size-full wp-image-556\" alt=\"\" srcset=\"https:\/\/hommyhome.design\/wp-content\/uploads\/2024\/10\/Icono-Home-Relooking-1.png 424w, https:\/\/hommyhome.design\/wp-content\/uploads\/2024\/10\/Icono-Home-Relooking-1-300x300.png 300w, https:\/\/hommyhome.design\/wp-content\/uploads\/2024\/10\/Icono-Home-Relooking-1-150x150.png 150w, https:\/\/hommyhome.design\/wp-content\/uploads\/2024\/10\/Icono-Home-Relooking-1-100x100.png 100w\" sizes=\"(max-width: 424px) 100vw, 424px\" \/><\/figure><div class=\"elementor-image-box-content\"><h3 class=\"elementor-image-box-title\">ANALISI<\/h3><p class=\"elementor-image-box-description\">Valuto l\u2019immobile per individuare cosa ne limita l\u2019attrattivit\u00e0 e cosa invece va valorizzato.\n\nDefiniamo subito le priorit\u00e0 in base al mercato e al budget.<\/p><\/div><\/div>\t\t\t\t<\/div>\n\t\t\t\t<\/div>\n\t\t\t\t<div class=\"elementor-element elementor-element-83163f0 elementor-widget__width-initial elementor-position-top elementor-invisible elementor-widget elementor-widget-image-box\" data-id=\"83163f0\" data-element_type=\"widget\" data-e-type=\"widget\" data-settings=\"{&quot;_animation&quot;:&quot;fadeInUp&quot;,&quot;_animation_delay&quot;:200}\" data-widget_type=\"image-box.default\">\n\t\t\t\t<div class=\"elementor-widget-container\">\n\t\t\t\t\t<div class=\"elementor-image-box-wrapper\"><figure class=\"elementor-image-box-img\"><img decoding=\"async\" width=\"452\" height=\"480\" src=\"https:\/\/hommyhome.design\/wp-content\/uploads\/2024\/10\/Icono-Home-Relooking-5.png\" class=\"attachment-full size-full wp-image-555\" alt=\"\" srcset=\"https:\/\/hommyhome.design\/wp-content\/uploads\/2024\/10\/Icono-Home-Relooking-5.png 452w, https:\/\/hommyhome.design\/wp-content\/uploads\/2024\/10\/Icono-Home-Relooking-5-283x300.png 283w\" sizes=\"(max-width: 452px) 100vw, 452px\" \/><\/figure><div class=\"elementor-image-box-content\"><h3 class=\"elementor-image-box-title\">STRATEGIA<\/h3><p class=\"elementor-image-box-description\">Definisco un piano concreto: cosa migliorare, come farlo e in che ordine.\n\nSolo interventi mirati, senza lavori inutili.<\/p><\/div><\/div>\t\t\t\t<\/div>\n\t\t\t\t<\/div>\n\t\t\t\t<div class=\"elementor-element elementor-element-84f2a25 elementor-widget__width-initial elementor-position-top elementor-invisible elementor-widget elementor-widget-image-box\" data-id=\"84f2a25\" data-element_type=\"widget\" data-e-type=\"widget\" data-settings=\"{&quot;_animation&quot;:&quot;fadeInUp&quot;,&quot;_animation_delay&quot;:300}\" data-widget_type=\"image-box.default\">\n\t\t\t\t<div class=\"elementor-widget-container\">\n\t\t\t\t\t<div class=\"elementor-image-box-wrapper\"><figure class=\"elementor-image-box-img\"><img decoding=\"async\" width=\"256\" height=\"256\" src=\"https:\/\/hommyhome.design\/wp-content\/uploads\/2024\/10\/instrucciones.png\" class=\"attachment-full size-full wp-image-1208\" alt=\"\" srcset=\"https:\/\/hommyhome.design\/wp-content\/uploads\/2024\/10\/instrucciones.png 256w, https:\/\/hommyhome.design\/wp-content\/uploads\/2024\/10\/instrucciones-150x150.png 150w, https:\/\/hommyhome.design\/wp-content\/uploads\/2024\/10\/instrucciones-12x12.png 12w\" sizes=\"(max-width: 256px) 100vw, 256px\" \/><\/figure><div class=\"elementor-image-box-content\"><h3 class=\"elementor-image-box-title\">PROPOSTA<\/h3><p class=\"elementor-image-box-description\">Ricevi indicazioni chiare e operative per preparare l\u2019immobile alla vendita.\n\nTutto \u00e8 pensato per migliorare la percezione e aumentare l\u2019interesse degli acquirenti.<\/p><\/div><\/div>\t\t\t\t<\/div>\n\t\t\t\t<\/div>\n\t\t\t\t<\/div>\n\t\t<div class=\"elementor-element elementor-element-3123566 e-con-full e-flex e-con e-child\" data-id=\"3123566\" data-element_type=\"container\" data-e-type=\"container\">\n\t\t\t\t<div class=\"elementor-element elementor-element-392c5d1 elementor-widget__width-initial elementor-position-top elementor-invisible elementor-widget elementor-widget-image-box\" data-id=\"392c5d1\" data-element_type=\"widget\" data-e-type=\"widget\" data-settings=\"{&quot;_animation&quot;:&quot;fadeInUp&quot;,&quot;_animation_delay&quot;:350}\" data-widget_type=\"image-box.default\">\n\t\t\t\t<div class=\"elementor-widget-container\">\n\t\t\t\t\t<div class=\"elementor-image-box-wrapper\"><figure class=\"elementor-image-box-img\"><img loading=\"lazy\" decoding=\"async\" width=\"492\" height=\"520\" src=\"https:\/\/hommyhome.design\/wp-content\/uploads\/2024\/10\/Icono-Home-Relooking-3.png\" class=\"attachment-full size-full wp-image-553\" alt=\"\" srcset=\"https:\/\/hommyhome.design\/wp-content\/uploads\/2024\/10\/Icono-Home-Relooking-3.png 492w, https:\/\/hommyhome.design\/wp-content\/uploads\/2024\/10\/Icono-Home-Relooking-3-284x300.png 284w\" sizes=\"(max-width: 492px) 100vw, 492px\" \/><\/figure><div class=\"elementor-image-box-content\"><h3 class=\"elementor-image-box-title\">INTERVENTO<\/h3><p class=\"elementor-image-box-description\">Realizziamo gli interventi definiti in fase di consulenza, in modo mirato e senza lavori invasivi.\n\nL\u2019obiettivo \u00e8 migliorare la percezione dell\u2019immobile e renderlo pi\u00f9 competitivo sul mercato.\n <\/p><\/div><\/div>\t\t\t\t<\/div>\n\t\t\t\t<\/div>\n\t\t\t\t<div class=\"elementor-element elementor-element-4731a09 elementor-widget__width-initial elementor-position-top elementor-invisible elementor-widget elementor-widget-image-box\" data-id=\"4731a09\" data-element_type=\"widget\" data-e-type=\"widget\" data-settings=\"{&quot;_animation&quot;:&quot;fadeInUp&quot;,&quot;_animation_delay&quot;:400}\" data-widget_type=\"image-box.default\">\n\t\t\t\t<div class=\"elementor-widget-container\">\n\t\t\t\t\t<div class=\"elementor-image-box-wrapper\"><figure class=\"elementor-image-box-img\"><img loading=\"lazy\" decoding=\"async\" width=\"256\" height=\"256\" src=\"https:\/\/hommyhome.design\/wp-content\/uploads\/2024\/10\/promocion.png\" class=\"attachment-full size-full wp-image-1209\" alt=\"\" srcset=\"https:\/\/hommyhome.design\/wp-content\/uploads\/2024\/10\/promocion.png 256w, https:\/\/hommyhome.design\/wp-content\/uploads\/2024\/10\/promocion-150x150.png 150w, https:\/\/hommyhome.design\/wp-content\/uploads\/2024\/10\/promocion-12x12.png 12w\" sizes=\"(max-width: 256px) 100vw, 256px\" \/><\/figure><div class=\"elementor-image-box-content\"><h3 class=\"elementor-image-box-title\">PRESENTAZIONE<\/h3><p class=\"elementor-image-box-description\">Verifica finale dell\u2019immobile e preparazione per la messa sul mercato.\n\nOgni dettaglio \u00e8 ottimizzato per valorizzare al meglio gli spazi e aumentare l\u2019interesse degli acquirenti.<\/p><\/div><\/div>\t\t\t\t<\/div>\n\t\t\t\t<\/div>\n\t\t\t\t<\/div>\n\t\t\t\t\t<\/div>\n\t\t\t\t<\/div>\n\t\t<div class=\"elementor-element elementor-element-abb61d9 e-con-full e-flex e-con e-parent\" data-id=\"abb61d9\" data-element_type=\"container\" data-e-type=\"container\" data-settings=\"{&quot;background_background&quot;:&quot;classic&quot;}\">\n\t\t<div class=\"elementor-element elementor-element-4d37256 e-con-full e-flex e-con e-child\" data-id=\"4d37256\" data-element_type=\"container\" data-e-type=\"container\">\n\t\t\t\t<\/div>\n\t\t<div class=\"elementor-element elementor-element-058247c e-con-full e-flex e-con e-child\" data-id=\"058247c\" data-element_type=\"container\" data-e-type=\"container\">\n\t\t\t\t<div class=\"elementor-element elementor-element-581a729 elementor-widget__width-initial elementor-invisible elementor-widget elementor-widget-heading\" data-id=\"581a729\" data-element_type=\"widget\" data-e-type=\"widget\" data-settings=\"{&quot;_animation&quot;:&quot;zoomIn&quot;}\" data-widget_type=\"heading.default\">\n\t\t\t\t<div class=\"elementor-widget-container\">\n\t\t\t\t\t<p class=\"elementor-heading-title elementor-size-default\">Il tuo immobile non si vende?\n\nScopri cosa lo sta bloccando e come valorizzarlo nel modo giusto.<\/p>\t\t\t\t<\/div>\n\t\t\t\t<\/div>\n\t\t\t\t<div class=\"elementor-element elementor-element-e971cde elementor-align-center e-transform elementor-widget elementor-widget-button\" data-id=\"e971cde\" data-element_type=\"widget\" data-e-type=\"widget\" data-settings=\"{&quot;_transform_translateY_effect_hover&quot;:{&quot;unit&quot;:&quot;px&quot;,&quot;size&quot;:-10,&quot;sizes&quot;:[]},&quot;_transform_translateX_effect_hover&quot;:{&quot;unit&quot;:&quot;px&quot;,&quot;size&quot;:&quot;&quot;,&quot;sizes&quot;:[]},&quot;_transform_translateX_effect_hover_tablet&quot;:{&quot;unit&quot;:&quot;px&quot;,&quot;size&quot;:&quot;&quot;,&quot;sizes&quot;:[]},&quot;_transform_translateX_effect_hover_mobile&quot;:{&quot;unit&quot;:&quot;px&quot;,&quot;size&quot;:&quot;&quot;,&quot;sizes&quot;:[]},&quot;_transform_translateY_effect_hover_tablet&quot;:{&quot;unit&quot;:&quot;px&quot;,&quot;size&quot;:&quot;&quot;,&quot;sizes&quot;:[]},&quot;_transform_translateY_effect_hover_mobile&quot;:{&quot;unit&quot;:&quot;px&quot;,&quot;size&quot;:&quot;&quot;,&quot;sizes&quot;:[]}}\" data-widget_type=\"button.default\">\n\t\t\t\t<div class=\"elementor-widget-container\">\n\t\t\t\t\t\t\t\t\t<div class=\"elementor-button-wrapper\">\n\t\t\t\t\t<a class=\"elementor-button elementor-button-link elementor-size-sm\" href=\"https:\/\/api.whatsapp.com\/send?phone=393792353453\" target=\"_blank\" rel=\"noopener\">\n\t\t\t\t\t\t<span class=\"elementor-button-content-wrapper\">\n\t\t\t\t\t\t\t\t\t<span class=\"elementor-button-text\">Richiedi analisi<\/span>\n\t\t\t\t\t<\/span>\n\t\t\t\t\t<\/a>\n\t\t\t\t<\/div>\n\t\t\t\t\t\t\t\t<\/div>\n\t\t\t\t<\/div>\n\t\t\t\t<\/div>\n\t\t\t\t<\/div>\n\t\t\t\t<\/div>\n\t\t","protected":false},"excerpt":{"rendered":"<p>Preparazione dell\u2019immobile Non servono grandi lavori per ottenere un risultato concreto. Interveniamo in modo mirato sugli spazi, eliminando ci\u00f2 che disturba la percezione e valorizzando ci\u00f2 che gi\u00e0 esiste. L\u2019obiettivo \u00e8 preparare l\u2019immobile per la vendita, migliorando impatto visivo e attrattivit\u00e0. \u2022 Decluttering e riorganizzazione \u2022 Ottimizzazione degli spazi \u2022 Piccoli interventi estetici \u2022 Preparazione [&hellip;]<\/p>\n","protected":false},"author":1,"featured_media":0,"parent":0,"menu_order":0,"comment_status":"closed","ping_status":"closed","template":"","meta":{"footnotes":""},"class_list":["post-48","page","type-page","status-publish","hentry"],"_links":{"self":[{"href":"https:\/\/hommyhome.design\/es_es\/wp-json\/wp\/v2\/pages\/48","targetHints":{"allow":["GET"]}}],"collection":[{"href":"https:\/\/hommyhome.design\/es_es\/wp-json\/wp\/v2\/pages"}],"about":[{"href":"https:\/\/hommyhome.design\/es_es\/wp-json\/wp\/v2\/types\/page"}],"author":[{"embeddable":true,"href":"https:\/\/hommyhome.design\/es_es\/wp-json\/wp\/v2\/users\/1"}],"replies":[{"embeddable":true,"href":"https:\/\/hommyhome.design\/es_es\/wp-json\/wp\/v2\/comments?post=48"}],"version-history":[{"count":75,"href":"https:\/\/hommyhome.design\/es_es\/wp-json\/wp\/v2\/pages\/48\/revisions"}],"predecessor-version":[{"id":2590,"href":"https:\/\/hommyhome.design\/es_es\/wp-json\/wp\/v2\/pages\/48\/revisions\/2590"}],"wp:attachment":[{"href":"https:\/\/hommyhome.design\/es_es\/wp-json\/wp\/v2\/media?parent=48"}],"curies":[{"name":"wp","href":"https:\/\/api.w.org\/{rel}","templated":true}]}}